{"id":2300,"date":"2024-02-02T15:38:06","date_gmt":"2024-02-02T21:38:06","guid":{"rendered":"https:\/\/ensech.edu.mx\/?page_id=2300"},"modified":"2024-02-02T15:42:10","modified_gmt":"2024-02-02T21:42:10","slug":"convocatoria-2","status":"publish","type":"page","link":"https:\/\/ensech.edu.mx\/?page_id=2300","title":{"rendered":"Convocatoria No.2\/2024"},"content":{"rendered":"\n<p><\/p>\n\n\n\n<div class=\"wp-block-columns has-background has-medium-font-size is-layout-flex wp-container-core-columns-is-layout-1 wp-block-columns-is-layout-flex\" style=\"background-color:#7f2855\">\n<div class=\"wp-block-column is-layout-flow wp-block-column-is-layout-flow\">\n<p class=\"has-base-3-color has-text-color has-link-color wp-elements-07583c6c0b7fb6952dab7259915e3dfa\"><strong>CONVOCATORIA No.2\/ 2024 SELECCI\u00d3N A ESPECIALISTA EN PSIC\u00d3LOGIA ESCOLAR<\/strong><\/p>\n\n\n\n<p class=\"has-base-3-color has-text-color has-link-color wp-elements-198cd1641f4e70d1c4efa1053efba5b7\"><strong>La Escuela Normal Superior Profr. Jos\u00e9 E. Medrano R., emite la presente para desarrollar el proceso de SELECCI\u00d3N DE ESPECIALISTA EN PSIC\u00d3LOGIA ESCOLAR, a efecto de contar con un psic\u00f3logo o psic\u00f3loga con los conocimientos y aptitudes necesarios para contribuir al desarrollo de los educandos de esta instituci\u00f3n.<\/strong><\/p>\n<\/div>\n<\/div>\n\n\n\n<div class=\"wp-block-file aligncenter has-background\" style=\"background-color:#1f3d7b\"><a id=\"wp-block-file--media-23c6a4ec-7c36-4c69-8e9d-595cc810038a\" href=\"https:\/\/ensech.edu.mx\/wp-content\/uploads\/2024\/02\/CONVOCATORIA-No.-2-2024.pdf\">CONVOCATORIA No. 2 &#8211; 2024<\/a><a href=\"https:\/\/ensech.edu.mx\/wp-content\/uploads\/2024\/02\/CONVOCATORIA-No.-2-2024.pdf\" class=\"wp-block-file__button wp-element-button\" download aria-describedby=\"wp-block-file--media-23c6a4ec-7c36-4c69-8e9d-595cc810038a\">Descarga<\/a><\/div>\n\n\n\n<div class=\"wp-block-columns is-layout-flex wp-container-core-columns-is-layout-2 wp-block-columns-is-layout-flex\">\n<div class=\"wp-block-column is-layout-flow wp-block-column-is-layout-flow\" style=\"flex-basis:100%\"><div class=\"wp-block-image\">\n<figure class=\"aligncenter size-large is-resized\"><img loading=\"lazy\" decoding=\"async\" width=\"791\" height=\"1024\" src=\"https:\/\/ensech.edu.mx\/wp-content\/uploads\/2024\/02\/CONVOCATORIA-No.-2-2024-791x1024.jpg\" alt=\"\" class=\"wp-image-2301\" style=\"width:1450px;height:auto\" srcset=\"https:\/\/ensech.edu.mx\/wp-content\/uploads\/2024\/02\/CONVOCATORIA-No.-2-2024-791x1024.jpg 791w, https:\/\/ensech.edu.mx\/wp-content\/uploads\/2024\/02\/CONVOCATORIA-No.-2-2024-232x300.jpg 232w, https:\/\/ensech.edu.mx\/wp-content\/uploads\/2024\/02\/CONVOCATORIA-No.-2-2024-768x994.jpg 768w, https:\/\/ensech.edu.mx\/wp-content\/uploads\/2024\/02\/CONVOCATORIA-No.-2-2024-1187x1536.jpg 1187w, https:\/\/ensech.edu.mx\/wp-content\/uploads\/2024\/02\/CONVOCATORIA-No.-2-2024-1583x2048.jpg 1583w, https:\/\/ensech.edu.mx\/wp-content\/uploads\/2024\/02\/CONVOCATORIA-No.-2-2024-scaled.jpg 1978w\" sizes=\"(max-width: 791px) 100vw, 791px\" \/><\/figure><\/div><\/div>\n<\/div>\n\n\n\n<div class=\"wp-block-file aligncenter has-accent-background-color has-background\"><a id=\"wp-block-file--media-23c6a4ec-7c36-4c69-8e9d-595cc810038a\" href=\"https:\/\/ensech.edu.mx\/wp-content\/uploads\/2024\/02\/CONVOCATORIA-No.-2-2024.pdf\">CONVOCATORIA No. 2 &#8211; 2024<\/a><a href=\"https:\/\/ensech.edu.mx\/wp-content\/uploads\/2024\/02\/CONVOCATORIA-No.-2-2024.pdf\" class=\"wp-block-file__button wp-element-button\" download aria-describedby=\"wp-block-file--media-23c6a4ec-7c36-4c69-8e9d-595cc810038a\">Descarga<\/a><\/div>\n\n\n\n<div class=\"wp-block-columns is-layout-flex wp-container-core-columns-is-layout-3 wp-block-columns-is-layout-flex\">\n<div class=\"wp-block-column is-layout-flow wp-block-column-is-layout-flow\"><\/div>\n\n\n\n<div class=\"wp-block-column is-layout-flow wp-block-column-is-layout-flow\"><\/div>\n<\/div>\n","protected":false},"excerpt":{"rendered":"<p>CONVOCATORIA No.2\/ 2024 SELECCI\u00d3N A ESPECIALISTA EN PSIC\u00d3LOGIA ESCOLAR La Escuela Normal Superior Profr. Jos\u00e9 E. Medrano R., emite la presente para desarrollar el proceso de SELECCI\u00d3N DE ESPECIALISTA EN PSIC\u00d3LOGIA ESCOLAR, a efecto de contar con un psic\u00f3logo o psic\u00f3loga con los conocimientos y aptitudes necesarios para contribuir al desarrollo de los educandos de &#8230; <a title=\"Convocatoria No.2\/2024\" class=\"read-more\" href=\"https:\/\/ensech.edu.mx\/?page_id=2300\" aria-label=\"M\u00e1s en Convocatoria No.2\/2024\">Leer m\u00e1s<\/a><\/p>\n","protected":false},"author":1,"featured_media":0,"parent":0,"menu_order":0,"comment_status":"closed","ping_status":"closed","template":"","meta":{"footnotes":""},"class_list":["post-2300","page","type-page","status-publish"],"_links":{"self":[{"href":"https:\/\/ensech.edu.mx\/index.php?rest_route=\/wp\/v2\/pages\/2300"}],"collection":[{"href":"https:\/\/ensech.edu.mx\/index.php?rest_route=\/wp\/v2\/pages"}],"about":[{"href":"https:\/\/ensech.edu.mx\/index.php?rest_route=\/wp\/v2\/types\/page"}],"author":[{"embeddable":true,"href":"https:\/\/ensech.edu.mx\/index.php?rest_route=\/wp\/v2\/users\/1"}],"replies":[{"embeddable":true,"href":"https:\/\/ensech.edu.mx\/index.php?rest_route=%2Fwp%2Fv2%2Fcomments&post=2300"}],"version-history":[{"count":3,"href":"https:\/\/ensech.edu.mx\/index.php?rest_route=\/wp\/v2\/pages\/2300\/revisions"}],"predecessor-version":[{"id":2305,"href":"https:\/\/ensech.edu.mx\/index.php?rest_route=\/wp\/v2\/pages\/2300\/revisions\/2305"}],"wp:attachment":[{"href":"https:\/\/ensech.edu.mx\/index.php?rest_route=%2Fwp%2Fv2%2Fmedia&parent=2300"}],"curies":[{"name":"wp","href":"https:\/\/api.w.org\/{rel}","templated":true}]}}